{"id":62,"date":"2012-11-23T23:43:27","date_gmt":"2012-11-23T21:43:27","guid":{"rendered":"https:\/\/ww-systemhaus.de\/main\/?page_id=62"},"modified":"2021-09-02T16:42:46","modified_gmt":"2021-09-02T14:42:46","slug":"ueber-uns","status":"publish","type":"page","link":"https:\/\/ww-systemhaus.de\/?page_id=62","title":{"rendered":"\u00dcber uns"},"content":{"rendered":"<p style=\"text-align: center;\">ngg_shortcode_0_placeholder<\/p>\n<p style=\"text-align: center;\"><span style=\"color: #000000;\">Seit 1998 bieten wir unseren Kunden innovative und ganzheitliche IT-L\u00f6sungen an.<\/span><\/p>\n<p style=\"text-align: center;\"><span style=\"color: #000000;\">Von der Beratung \u00fcber die Realisierung bis hin zur Betreung sind wir f\u00fcr Sie da. Als Systemhaus bieten wir Teil-und Komplettl\u00f6sungen aus dem Bereich Informationstechnologie an.<\/span><\/p>\n<p style=\"text-align: center;\"><span style=\"color: #000000;\">Wir stellen als Dienstleister eine wichtige Br\u00fcckenfunktion zwischen Ihnen und den Herstellern von IT-Produkten (Hard-\/Software etc.) dar.<\/span><\/p>\n<p style=\"text-align: center;\"><span style=\"color: #000000;\">Unser Systemhaus betreut umfassend Kunden aus allen Bereichen<\/span><br \/>\n<span style=\"color: #000000;\"> (Endkunden, Klein- und mittelst\u00e4ndische Unternehmen,<\/span><br \/>\n<span style=\"color: #000000;\"> Gro\u00dfkunden, Handwerker, \u00c4rtzte, Schulen und \u00d6ffentliche Tr\u00e4ger).<\/span><\/p>\n<p style=\"text-align: center;\"><span style=\"color: #000000;\">Das Gesamtspektrum unserer IT-L\u00f6sungen ist exakt auf die Anforderungen der jeweiligen Branche abgestimmt.<\/span><\/p>\n","protected":false},"excerpt":{"rendered":"<p>Seit 1998 bieten wir unseren Kunden innovative und ganzheitliche IT-L\u00f6sungen an. Von der Beratung \u00fcber die Realisierung bis hin zur Betreung sind wir f\u00fcr Sie da. Als Systemhaus bieten wir Teil-und Komplettl\u00f6sungen aus dem Bereich Informationstechnologie an. Wir stellen als Dienstleister eine wichtige Br\u00fcckenfunktion zwischen Ihnen und den Herstellern von IT-Produkten (Hard-\/Software etc.) dar. Unser [&hellip;]<\/p>\n","protected":false},"author":2,"featured_media":0,"parent":0,"menu_order":0,"comment_status":"closed","ping_status":"open","template":"","meta":{"ngg_post_thumbnail":0,"footnotes":""},"class_list":["post-62","page","type-page","status-publish","hentry"],"yoast_head":"<!-- This site is optimized with the Yoast SEO plugin v27.2 - https:\/\/yoast.com\/product\/yoast-seo-wordpress\/ -->\n<title>\u00dcber uns - W&amp;W Systemhaus<\/title>\n<meta name=\"description\" content=\"Seit 1998 bieten wir unseren Kunden innovative und ganzheitliche IT-L\u00f6sungen an.\" \/>\n<meta name=\"robots\" content=\"index, follow, max-snippet:-1, max-image-preview:large, max-video-preview:-1\" \/>\n<link rel=\"canonical\" href=\"https:\/\/ww-systemhaus.de\/?page_id=62\" \/>\n<meta property=\"og:locale\" content=\"de_DE\" \/>\n<meta property=\"og:type\" content=\"article\" \/>\n<meta property=\"og:title\" content=\"\u00dcber uns - W&amp;W Systemhaus\" \/>\n<meta property=\"og:description\" content=\"Seit 1998 bieten wir unseren Kunden innovative und ganzheitliche IT-L\u00f6sungen an.\" \/>\n<meta property=\"og:url\" content=\"https:\/\/ww-systemhaus.de\/?page_id=62\" \/>\n<meta property=\"og:site_name\" content=\"W&amp;W Systemhaus\" \/>\n<meta property=\"article:modified_time\" content=\"2021-09-02T14:42:46+00:00\" \/>\n<meta name=\"twitter:card\" content=\"summary_large_image\" \/>\n<meta name=\"twitter:label1\" content=\"Gesch\u00e4tzte Lesezeit\" \/>\n\t<meta name=\"twitter:data1\" content=\"1\u00a0Minute\" \/>\n<script type=\"application\/ld+json\" class=\"yoast-schema-graph\">{\"@context\":\"https:\/\/schema.org\",\"@graph\":[{\"@type\":\"WebPage\",\"@id\":\"https:\/\/ww-systemhaus.de\/?page_id=62\",\"url\":\"https:\/\/ww-systemhaus.de\/?page_id=62\",\"name\":\"\u00dcber uns - W&amp;W Systemhaus\",\"isPartOf\":{\"@id\":\"https:\/\/ww-systemhaus.de\/#website\"},\"datePublished\":\"2012-11-23T21:43:27+00:00\",\"dateModified\":\"2021-09-02T14:42:46+00:00\",\"description\":\"Seit 1998 bieten wir unseren Kunden innovative und ganzheitliche IT-L\u00f6sungen an.\",\"breadcrumb\":{\"@id\":\"https:\/\/ww-systemhaus.de\/?page_id=62#breadcrumb\"},\"inLanguage\":\"de\",\"potentialAction\":[{\"@type\":\"ReadAction\",\"target\":[\"https:\/\/ww-systemhaus.de\/?page_id=62\"]}]},{\"@type\":\"BreadcrumbList\",\"@id\":\"https:\/\/ww-systemhaus.de\/?page_id=62#breadcrumb\",\"itemListElement\":[{\"@type\":\"ListItem\",\"position\":1,\"name\":\"Startseite\",\"item\":\"https:\/\/ww-systemhaus.de\/\"},{\"@type\":\"ListItem\",\"position\":2,\"name\":\"\u00dcber uns\"}]},{\"@type\":\"WebSite\",\"@id\":\"https:\/\/ww-systemhaus.de\/#website\",\"url\":\"https:\/\/ww-systemhaus.de\/\",\"name\":\"W&amp;W Systemhaus\",\"description\":\"Computer \u00b7 Notebooks \u00b7 Zubeh\u00f6r \u00b7 Telefonie \u00b7 Vor-Ort-Service \u00b7 Werkstatt-Service\",\"publisher\":{\"@id\":\"https:\/\/ww-systemhaus.de\/#organization\"},\"potentialAction\":[{\"@type\":\"SearchAction\",\"target\":{\"@type\":\"EntryPoint\",\"urlTemplate\":\"https:\/\/ww-systemhaus.de\/?s={search_term_string}\"},\"query-input\":{\"@type\":\"PropertyValueSpecification\",\"valueRequired\":true,\"valueName\":\"search_term_string\"}}],\"inLanguage\":\"de\"},{\"@type\":\"Organization\",\"@id\":\"https:\/\/ww-systemhaus.de\/#organization\",\"name\":\"W&W Systemhaus\",\"url\":\"https:\/\/ww-systemhaus.de\/\",\"logo\":{\"@type\":\"ImageObject\",\"inLanguage\":\"de\",\"@id\":\"https:\/\/ww-systemhaus.de\/#\/schema\/logo\/image\/\",\"url\":\"https:\/\/ww-systemhaus.de\/wp-content\/uploads\/2017\/12\/ww-social.jpg\",\"contentUrl\":\"https:\/\/ww-systemhaus.de\/wp-content\/uploads\/2017\/12\/ww-social.jpg\",\"width\":630,\"height\":630,\"caption\":\"W&W Systemhaus\"},\"image\":{\"@id\":\"https:\/\/ww-systemhaus.de\/#\/schema\/logo\/image\/\"}}]}<\/script>\n<!-- \/ Yoast SEO plugin. -->","yoast_head_json":{"title":"\u00dcber uns - W&amp;W Systemhaus","description":"Seit 1998 bieten wir unseren Kunden innovative und ganzheitliche IT-L\u00f6sungen an.","robots":{"index":"index","follow":"follow","max-snippet":"max-snippet:-1","max-image-preview":"max-image-preview:large","max-video-preview":"max-video-preview:-1"},"canonical":"https:\/\/ww-systemhaus.de\/?page_id=62","og_locale":"de_DE","og_type":"article","og_title":"\u00dcber uns - W&amp;W Systemhaus","og_description":"Seit 1998 bieten wir unseren Kunden innovative und ganzheitliche IT-L\u00f6sungen an.","og_url":"https:\/\/ww-systemhaus.de\/?page_id=62","og_site_name":"W&amp;W Systemhaus","article_modified_time":"2021-09-02T14:42:46+00:00","twitter_card":"summary_large_image","twitter_misc":{"Gesch\u00e4tzte Lesezeit":"1\u00a0Minute"},"schema":{"@context":"https:\/\/schema.org","@graph":[{"@type":"WebPage","@id":"https:\/\/ww-systemhaus.de\/?page_id=62","url":"https:\/\/ww-systemhaus.de\/?page_id=62","name":"\u00dcber uns - W&amp;W Systemhaus","isPartOf":{"@id":"https:\/\/ww-systemhaus.de\/#website"},"datePublished":"2012-11-23T21:43:27+00:00","dateModified":"2021-09-02T14:42:46+00:00","description":"Seit 1998 bieten wir unseren Kunden innovative und ganzheitliche IT-L\u00f6sungen an.","breadcrumb":{"@id":"https:\/\/ww-systemhaus.de\/?page_id=62#breadcrumb"},"inLanguage":"de","potentialAction":[{"@type":"ReadAction","target":["https:\/\/ww-systemhaus.de\/?page_id=62"]}]},{"@type":"BreadcrumbList","@id":"https:\/\/ww-systemhaus.de\/?page_id=62#breadcrumb","itemListElement":[{"@type":"ListItem","position":1,"name":"Startseite","item":"https:\/\/ww-systemhaus.de\/"},{"@type":"ListItem","position":2,"name":"\u00dcber uns"}]},{"@type":"WebSite","@id":"https:\/\/ww-systemhaus.de\/#website","url":"https:\/\/ww-systemhaus.de\/","name":"W&amp;W Systemhaus","description":"Computer \u00b7 Notebooks \u00b7 Zubeh\u00f6r \u00b7 Telefonie \u00b7 Vor-Ort-Service \u00b7 Werkstatt-Service","publisher":{"@id":"https:\/\/ww-systemhaus.de\/#organization"},"potentialAction":[{"@type":"SearchAction","target":{"@type":"EntryPoint","urlTemplate":"https:\/\/ww-systemhaus.de\/?s={search_term_string}"},"query-input":{"@type":"PropertyValueSpecification","valueRequired":true,"valueName":"search_term_string"}}],"inLanguage":"de"},{"@type":"Organization","@id":"https:\/\/ww-systemhaus.de\/#organization","name":"W&W Systemhaus","url":"https:\/\/ww-systemhaus.de\/","logo":{"@type":"ImageObject","inLanguage":"de","@id":"https:\/\/ww-systemhaus.de\/#\/schema\/logo\/image\/","url":"https:\/\/ww-systemhaus.de\/wp-content\/uploads\/2017\/12\/ww-social.jpg","contentUrl":"https:\/\/ww-systemhaus.de\/wp-content\/uploads\/2017\/12\/ww-social.jpg","width":630,"height":630,"caption":"W&W Systemhaus"},"image":{"@id":"https:\/\/ww-systemhaus.de\/#\/schema\/logo\/image\/"}}]}},"_links":{"self":[{"href":"https:\/\/ww-systemhaus.de\/index.php?rest_route=\/wp\/v2\/pages\/62","targetHints":{"allow":["GET"]}}],"collection":[{"href":"https:\/\/ww-systemhaus.de\/index.php?rest_route=\/wp\/v2\/pages"}],"about":[{"href":"https:\/\/ww-systemhaus.de\/index.php?rest_route=\/wp\/v2\/types\/page"}],"author":[{"embeddable":true,"href":"https:\/\/ww-systemhaus.de\/index.php?rest_route=\/wp\/v2\/users\/2"}],"replies":[{"embeddable":true,"href":"https:\/\/ww-systemhaus.de\/index.php?rest_route=%2Fwp%2Fv2%2Fcomments&post=62"}],"version-history":[{"count":9,"href":"https:\/\/ww-systemhaus.de\/index.php?rest_route=\/wp\/v2\/pages\/62\/revisions"}],"predecessor-version":[{"id":543,"href":"https:\/\/ww-systemhaus.de\/index.php?rest_route=\/wp\/v2\/pages\/62\/revisions\/543"}],"wp:attachment":[{"href":"https:\/\/ww-systemhaus.de\/index.php?rest_route=%2Fwp%2Fv2%2Fmedia&parent=62"}],"curies":[{"name":"wp","href":"https:\/\/api.w.org\/{rel}","templated":true}]}}