{"id":454,"date":"2016-02-02T23:32:31","date_gmt":"2016-02-02T22:32:31","guid":{"rendered":"https:\/\/ww-systemhaus.de\/?page_id=454"},"modified":"2016-07-11T19:32:27","modified_gmt":"2016-07-11T17:32:27","slug":"werkstatt-service","status":"publish","type":"page","link":"https:\/\/ww-systemhaus.de\/?page_id=454","title":{"rendered":"Werkstatt-Service"},"content":{"rendered":"<p style=\"text-align: center;\"><span style=\"color: #000000;\">Das W&amp;W Systemhaus bietet Ihnen eine Reihe von IT-Dienstleistungen f\u00fcr Ihren Computer.<\/span><\/p>\n<p style=\"text-align: center;\"><span style=\"color: #000000;\">Wir bieten Ihnen die passenden IT-L\u00f6sungen f\u00fcr Ihre PC-Schwierigkeiten und Notebook-Probleme.<\/span><\/p>\n<p style=\"text-align: center;\"><span style=\"color: #000000;\">Bei Hard- und Softwareproblemen retten wir Ihre Daten, tauschen die defekte Hardware aus und bauen neue Komponenten sachgem\u00e4\u00df ein.<\/span><\/p>\n<p style=\"text-align: center;\"><span style=\"color: #000000;\">Wir pr\u00fcfen Ihr System auf Viren und Schadsoftware, entfernen diese gr\u00fcndlich und bieten Ihnen die passende Softwarel\u00f6sung, um Ihren PC vor einem zuk\u00fcnftigen Befall <\/span><span style=\"color: #000000;\">bestm\u00f6glich <\/span><span style=\"color: #000000;\">zu sch\u00fctzen.<\/span><\/p>\n<p style=\"text-align: center;\"><span style=\"color: #000000;\">\u00dcberlassen Sie Einrichtung, Installation und Verbindung Ihrer Technik einem professionellen Partner, damit Sie Ihre neuen Ger\u00e4te sofort optimal nutzen k\u00f6nnen.<\/span><\/p>\n<p style=\"text-align: center;\"><span style=\"color: #000000;\">Egal, ob Sie eine Aufr\u00fcstung Ihrer PC-Hardware, eine Reparatur Ihres Computers oder Hilfe bei der professionellen Einrichtung Ihres Notebooks brauchen \u2013 wir sind Ihr kompetenter Ansprechpartner und beraten Sie gerne.<\/span><\/p>\n","protected":false},"excerpt":{"rendered":"<p>Das W&amp;W Systemhaus bietet Ihnen eine Reihe von IT-Dienstleistungen f\u00fcr Ihren Computer. Wir bieten Ihnen die passenden IT-L\u00f6sungen f\u00fcr Ihre PC-Schwierigkeiten und Notebook-Probleme. Bei Hard- und Softwareproblemen retten wir Ihre Daten, tauschen die defekte Hardware aus und bauen neue Komponenten sachgem\u00e4\u00df ein. Wir pr\u00fcfen Ihr System auf Viren und Schadsoftware, entfernen diese gr\u00fcndlich und bieten [&hellip;]<\/p>\n","protected":false},"author":2,"featured_media":0,"parent":0,"menu_order":0,"comment_status":"closed","ping_status":"closed","template":"","meta":{"ngg_post_thumbnail":0,"footnotes":""},"class_list":["post-454","page","type-page","status-publish","hentry"],"yoast_head":"<!-- This site is optimized with the Yoast SEO plugin v27.2 - https:\/\/yoast.com\/product\/yoast-seo-wordpress\/ -->\n<title>Werkstatt-Service - W&amp;W Systemhaus<\/title>\n<meta name=\"description\" content=\"Unser Werkstatt-Service bietet Ihnen eine Reihe von IT-Dienstleistungen f\u00fcr Ihren Computer. Reparaturen, Installationen und sonstige Wartung.\" \/>\n<meta name=\"robots\" content=\"index, follow, max-snippet:-1, max-image-preview:large, max-video-preview:-1\" \/>\n<link rel=\"canonical\" href=\"https:\/\/ww-systemhaus.de\/?page_id=454\" \/>\n<meta property=\"og:locale\" content=\"de_DE\" \/>\n<meta property=\"og:type\" content=\"article\" \/>\n<meta property=\"og:title\" content=\"Werkstatt-Service - W&amp;W Systemhaus\" \/>\n<meta property=\"og:description\" content=\"Unser Werkstatt-Service bietet Ihnen eine Reihe von IT-Dienstleistungen f\u00fcr Ihren Computer. Reparaturen, Installationen und sonstige Wartung.\" \/>\n<meta property=\"og:url\" content=\"https:\/\/ww-systemhaus.de\/?page_id=454\" \/>\n<meta property=\"og:site_name\" content=\"W&amp;W Systemhaus\" \/>\n<meta property=\"article:modified_time\" content=\"2016-07-11T17:32:27+00:00\" \/>\n<meta name=\"twitter:card\" content=\"summary_large_image\" \/>\n<meta name=\"twitter:label1\" content=\"Gesch\u00e4tzte Lesezeit\" \/>\n\t<meta name=\"twitter:data1\" content=\"1\u00a0Minute\" \/>\n<script type=\"application\/ld+json\" class=\"yoast-schema-graph\">{\"@context\":\"https:\/\/schema.org\",\"@graph\":[{\"@type\":\"WebPage\",\"@id\":\"https:\/\/ww-systemhaus.de\/?page_id=454\",\"url\":\"https:\/\/ww-systemhaus.de\/?page_id=454\",\"name\":\"Werkstatt-Service - W&amp;W Systemhaus\",\"isPartOf\":{\"@id\":\"https:\/\/ww-systemhaus.de\/#website\"},\"datePublished\":\"2016-02-02T22:32:31+00:00\",\"dateModified\":\"2016-07-11T17:32:27+00:00\",\"description\":\"Unser Werkstatt-Service bietet Ihnen eine Reihe von IT-Dienstleistungen f\u00fcr Ihren Computer. Reparaturen, Installationen und sonstige Wartung.\",\"breadcrumb\":{\"@id\":\"https:\/\/ww-systemhaus.de\/?page_id=454#breadcrumb\"},\"inLanguage\":\"de\",\"potentialAction\":[{\"@type\":\"ReadAction\",\"target\":[\"https:\/\/ww-systemhaus.de\/?page_id=454\"]}]},{\"@type\":\"BreadcrumbList\",\"@id\":\"https:\/\/ww-systemhaus.de\/?page_id=454#breadcrumb\",\"itemListElement\":[{\"@type\":\"ListItem\",\"position\":1,\"name\":\"Startseite\",\"item\":\"https:\/\/ww-systemhaus.de\/\"},{\"@type\":\"ListItem\",\"position\":2,\"name\":\"Werkstatt-Service\"}]},{\"@type\":\"WebSite\",\"@id\":\"https:\/\/ww-systemhaus.de\/#website\",\"url\":\"https:\/\/ww-systemhaus.de\/\",\"name\":\"W&amp;W Systemhaus\",\"description\":\"Computer \u00b7 Notebooks \u00b7 Zubeh\u00f6r \u00b7 Telefonie \u00b7 Vor-Ort-Service \u00b7 Werkstatt-Service\",\"publisher\":{\"@id\":\"https:\/\/ww-systemhaus.de\/#organization\"},\"potentialAction\":[{\"@type\":\"SearchAction\",\"target\":{\"@type\":\"EntryPoint\",\"urlTemplate\":\"https:\/\/ww-systemhaus.de\/?s={search_term_string}\"},\"query-input\":{\"@type\":\"PropertyValueSpecification\",\"valueRequired\":true,\"valueName\":\"search_term_string\"}}],\"inLanguage\":\"de\"},{\"@type\":\"Organization\",\"@id\":\"https:\/\/ww-systemhaus.de\/#organization\",\"name\":\"W&W Systemhaus\",\"url\":\"https:\/\/ww-systemhaus.de\/\",\"logo\":{\"@type\":\"ImageObject\",\"inLanguage\":\"de\",\"@id\":\"https:\/\/ww-systemhaus.de\/#\/schema\/logo\/image\/\",\"url\":\"https:\/\/ww-systemhaus.de\/wp-content\/uploads\/2017\/12\/ww-social.jpg\",\"contentUrl\":\"https:\/\/ww-systemhaus.de\/wp-content\/uploads\/2017\/12\/ww-social.jpg\",\"width\":630,\"height\":630,\"caption\":\"W&W Systemhaus\"},\"image\":{\"@id\":\"https:\/\/ww-systemhaus.de\/#\/schema\/logo\/image\/\"}}]}<\/script>\n<!-- \/ Yoast SEO plugin. -->","yoast_head_json":{"title":"Werkstatt-Service - W&amp;W Systemhaus","description":"Unser Werkstatt-Service bietet Ihnen eine Reihe von IT-Dienstleistungen f\u00fcr Ihren Computer. Reparaturen, Installationen und sonstige Wartung.","robots":{"index":"index","follow":"follow","max-snippet":"max-snippet:-1","max-image-preview":"max-image-preview:large","max-video-preview":"max-video-preview:-1"},"canonical":"https:\/\/ww-systemhaus.de\/?page_id=454","og_locale":"de_DE","og_type":"article","og_title":"Werkstatt-Service - W&amp;W Systemhaus","og_description":"Unser Werkstatt-Service bietet Ihnen eine Reihe von IT-Dienstleistungen f\u00fcr Ihren Computer. Reparaturen, Installationen und sonstige Wartung.","og_url":"https:\/\/ww-systemhaus.de\/?page_id=454","og_site_name":"W&amp;W Systemhaus","article_modified_time":"2016-07-11T17:32:27+00:00","twitter_card":"summary_large_image","twitter_misc":{"Gesch\u00e4tzte Lesezeit":"1\u00a0Minute"},"schema":{"@context":"https:\/\/schema.org","@graph":[{"@type":"WebPage","@id":"https:\/\/ww-systemhaus.de\/?page_id=454","url":"https:\/\/ww-systemhaus.de\/?page_id=454","name":"Werkstatt-Service - W&amp;W Systemhaus","isPartOf":{"@id":"https:\/\/ww-systemhaus.de\/#website"},"datePublished":"2016-02-02T22:32:31+00:00","dateModified":"2016-07-11T17:32:27+00:00","description":"Unser Werkstatt-Service bietet Ihnen eine Reihe von IT-Dienstleistungen f\u00fcr Ihren Computer. Reparaturen, Installationen und sonstige Wartung.","breadcrumb":{"@id":"https:\/\/ww-systemhaus.de\/?page_id=454#breadcrumb"},"inLanguage":"de","potentialAction":[{"@type":"ReadAction","target":["https:\/\/ww-systemhaus.de\/?page_id=454"]}]},{"@type":"BreadcrumbList","@id":"https:\/\/ww-systemhaus.de\/?page_id=454#breadcrumb","itemListElement":[{"@type":"ListItem","position":1,"name":"Startseite","item":"https:\/\/ww-systemhaus.de\/"},{"@type":"ListItem","position":2,"name":"Werkstatt-Service"}]},{"@type":"WebSite","@id":"https:\/\/ww-systemhaus.de\/#website","url":"https:\/\/ww-systemhaus.de\/","name":"W&amp;W Systemhaus","description":"Computer \u00b7 Notebooks \u00b7 Zubeh\u00f6r \u00b7 Telefonie \u00b7 Vor-Ort-Service \u00b7 Werkstatt-Service","publisher":{"@id":"https:\/\/ww-systemhaus.de\/#organization"},"potentialAction":[{"@type":"SearchAction","target":{"@type":"EntryPoint","urlTemplate":"https:\/\/ww-systemhaus.de\/?s={search_term_string}"},"query-input":{"@type":"PropertyValueSpecification","valueRequired":true,"valueName":"search_term_string"}}],"inLanguage":"de"},{"@type":"Organization","@id":"https:\/\/ww-systemhaus.de\/#organization","name":"W&W Systemhaus","url":"https:\/\/ww-systemhaus.de\/","logo":{"@type":"ImageObject","inLanguage":"de","@id":"https:\/\/ww-systemhaus.de\/#\/schema\/logo\/image\/","url":"https:\/\/ww-systemhaus.de\/wp-content\/uploads\/2017\/12\/ww-social.jpg","contentUrl":"https:\/\/ww-systemhaus.de\/wp-content\/uploads\/2017\/12\/ww-social.jpg","width":630,"height":630,"caption":"W&W Systemhaus"},"image":{"@id":"https:\/\/ww-systemhaus.de\/#\/schema\/logo\/image\/"}}]}},"_links":{"self":[{"href":"https:\/\/ww-systemhaus.de\/index.php?rest_route=\/wp\/v2\/pages\/454","targetHints":{"allow":["GET"]}}],"collection":[{"href":"https:\/\/ww-systemhaus.de\/index.php?rest_route=\/wp\/v2\/pages"}],"about":[{"href":"https:\/\/ww-systemhaus.de\/index.php?rest_route=\/wp\/v2\/types\/page"}],"author":[{"embeddable":true,"href":"https:\/\/ww-systemhaus.de\/index.php?rest_route=\/wp\/v2\/users\/2"}],"replies":[{"embeddable":true,"href":"https:\/\/ww-systemhaus.de\/index.php?rest_route=%2Fwp%2Fv2%2Fcomments&post=454"}],"version-history":[{"count":9,"href":"https:\/\/ww-systemhaus.de\/index.php?rest_route=\/wp\/v2\/pages\/454\/revisions"}],"predecessor-version":[{"id":479,"href":"https:\/\/ww-systemhaus.de\/index.php?rest_route=\/wp\/v2\/pages\/454\/revisions\/479"}],"wp:attachment":[{"href":"https:\/\/ww-systemhaus.de\/index.php?rest_route=%2Fwp%2Fv2%2Fmedia&parent=454"}],"curies":[{"name":"wp","href":"https:\/\/api.w.org\/{rel}","templated":true}]}}