{"id":120,"date":"2012-11-24T09:45:40","date_gmt":"2012-11-24T08:45:40","guid":{"rendered":"https:\/\/ww-systemhaus.de\/main\/?page_id=120"},"modified":"2018-09-08T15:18:37","modified_gmt":"2018-09-08T13:18:37","slug":"fernwartungsservice","status":"publish","type":"page","link":"https:\/\/ww-systemhaus.de\/?page_id=120","title":{"rendered":"Fernwartungsservice"},"content":{"rendered":"<p><span style=\"color: #000000;\">Selbstverst\u00e4ndlich bieten wir Ihnen einen umfassenden Service auch nach dem Kauf.<\/span><\/p>\n<p><span style=\"color: #000000;\">In einigen F\u00e4llen ist es notwendig, dass ein Techniker Ihren PC per Fernwartung \u00fcbernimmt.<\/span><\/p>\n<p><span style=\"color: #000000;\">\u00dcber die Kosten unseres Services informieren wir Sie vorab.<\/span><\/p>\n<p><a href=\"https:\/\/nacl.pcvisit.com\/fast_update\/v1\/hosted\/jumplink?func=download&amp;productid=18&amp;product=guestSetup\"><img loading=\"lazy\" decoding=\"async\" class=\"aligncenter size-full wp-image-734\" src=\"https:\/\/ww-systemhaus.de\/wp-content\/uploads\/2018\/09\/pcvisit-1-e1536412633429.png\" alt=\"\" width=\"300\" height=\"300\"><\/a><\/p>\n<p>&nbsp;<\/p>\n<p>&nbsp;<\/p>\n","protected":false},"excerpt":{"rendered":"<p>Selbstverst\u00e4ndlich bieten wir Ihnen einen umfassenden Service auch nach dem Kauf. In einigen F\u00e4llen ist es notwendig, dass ein Techniker Ihren PC per Fernwartung \u00fcbernimmt. \u00dcber die Kosten unseres Services informieren wir Sie vorab. &nbsp; &nbsp;<\/p>\n","protected":false},"author":2,"featured_media":0,"parent":0,"menu_order":0,"comment_status":"closed","ping_status":"open","template":"","meta":{"ngg_post_thumbnail":0,"footnotes":""},"class_list":["post-120","page","type-page","status-publish","hentry"],"yoast_head":"<!-- This site is optimized with the Yoast SEO plugin v27.5 - https:\/\/yoast.com\/product\/yoast-seo-wordpress\/ -->\n<title>Fernwartungsservice - W&amp;W Systemhaus<\/title>\n<meta name=\"description\" content=\"In einigen F\u00e4llen ist es notwendig, dass ein Techniker Ihren PC per Fernwartung \u00fcbernimmt. \u00dcber die Kosten unseres Services informieren wir Sie vorab\" \/>\n<meta name=\"robots\" content=\"index, follow, max-snippet:-1, max-image-preview:large, max-video-preview:-1\" \/>\n<link rel=\"canonical\" href=\"https:\/\/ww-systemhaus.de\/?page_id=120\" \/>\n<meta property=\"og:locale\" content=\"de_DE\" \/>\n<meta property=\"og:type\" content=\"article\" \/>\n<meta property=\"og:title\" content=\"Fernwartungsservice - W&amp;W Systemhaus\" \/>\n<meta property=\"og:description\" content=\"In einigen F\u00e4llen ist es notwendig, dass ein Techniker Ihren PC per Fernwartung \u00fcbernimmt. \u00dcber die Kosten unseres Services informieren wir Sie vorab\" \/>\n<meta property=\"og:url\" content=\"https:\/\/ww-systemhaus.de\/?page_id=120\" \/>\n<meta property=\"og:site_name\" content=\"W&amp;W Systemhaus\" \/>\n<meta property=\"article:modified_time\" content=\"2018-09-08T13:18:37+00:00\" \/>\n<meta property=\"og:image\" content=\"https:\/\/ww-systemhaus.de\/wp-content\/uploads\/2018\/09\/pcvisit-1-e1536412633429.png\" \/>\n<meta name=\"twitter:card\" content=\"summary_large_image\" \/>\n<script type=\"application\/ld+json\" class=\"yoast-schema-graph\">{\"@context\":\"https:\\\/\\\/schema.org\",\"@graph\":[{\"@type\":\"WebPage\",\"@id\":\"https:\\\/\\\/ww-systemhaus.de\\\/?page_id=120\",\"url\":\"https:\\\/\\\/ww-systemhaus.de\\\/?page_id=120\",\"name\":\"Fernwartungsservice - W&amp;W Systemhaus\",\"isPartOf\":{\"@id\":\"https:\\\/\\\/ww-systemhaus.de\\\/#website\"},\"primaryImageOfPage\":{\"@id\":\"https:\\\/\\\/ww-systemhaus.de\\\/?page_id=120#primaryimage\"},\"image\":{\"@id\":\"https:\\\/\\\/ww-systemhaus.de\\\/?page_id=120#primaryimage\"},\"thumbnailUrl\":\"https:\\\/\\\/ww-systemhaus.de\\\/wp-content\\\/uploads\\\/2018\\\/09\\\/pcvisit-1-e1536412633429.png\",\"datePublished\":\"2012-11-24T08:45:40+00:00\",\"dateModified\":\"2018-09-08T13:18:37+00:00\",\"description\":\"In einigen F\u00e4llen ist es notwendig, dass ein Techniker Ihren PC per Fernwartung \u00fcbernimmt. \u00dcber die Kosten unseres Services informieren wir Sie vorab\",\"breadcrumb\":{\"@id\":\"https:\\\/\\\/ww-systemhaus.de\\\/?page_id=120#breadcrumb\"},\"inLanguage\":\"de\",\"potentialAction\":[{\"@type\":\"ReadAction\",\"target\":[\"https:\\\/\\\/ww-systemhaus.de\\\/?page_id=120\"]}]},{\"@type\":\"ImageObject\",\"inLanguage\":\"de\",\"@id\":\"https:\\\/\\\/ww-systemhaus.de\\\/?page_id=120#primaryimage\",\"url\":\"https:\\\/\\\/ww-systemhaus.de\\\/wp-content\\\/uploads\\\/2018\\\/09\\\/pcvisit-1-e1536412633429.png\",\"contentUrl\":\"https:\\\/\\\/ww-systemhaus.de\\\/wp-content\\\/uploads\\\/2018\\\/09\\\/pcvisit-1-e1536412633429.png\",\"width\":300,\"height\":300},{\"@type\":\"BreadcrumbList\",\"@id\":\"https:\\\/\\\/ww-systemhaus.de\\\/?page_id=120#breadcrumb\",\"itemListElement\":[{\"@type\":\"ListItem\",\"position\":1,\"name\":\"Startseite\",\"item\":\"https:\\\/\\\/ww-systemhaus.de\\\/\"},{\"@type\":\"ListItem\",\"position\":2,\"name\":\"Fernwartungsservice\"}]},{\"@type\":\"WebSite\",\"@id\":\"https:\\\/\\\/ww-systemhaus.de\\\/#website\",\"url\":\"https:\\\/\\\/ww-systemhaus.de\\\/\",\"name\":\"W&amp;W Systemhaus\",\"description\":\"Computer \u00b7 Notebooks \u00b7 Zubeh\u00f6r \u00b7 Telefonie \u00b7 Vor-Ort-Service \u00b7 Werkstatt-Service\",\"publisher\":{\"@id\":\"https:\\\/\\\/ww-systemhaus.de\\\/#organization\"},\"potentialAction\":[{\"@type\":\"SearchAction\",\"target\":{\"@type\":\"EntryPoint\",\"urlTemplate\":\"https:\\\/\\\/ww-systemhaus.de\\\/?s={search_term_string}\"},\"query-input\":{\"@type\":\"PropertyValueSpecification\",\"valueRequired\":true,\"valueName\":\"search_term_string\"}}],\"inLanguage\":\"de\"},{\"@type\":\"Organization\",\"@id\":\"https:\\\/\\\/ww-systemhaus.de\\\/#organization\",\"name\":\"W&W Systemhaus\",\"url\":\"https:\\\/\\\/ww-systemhaus.de\\\/\",\"logo\":{\"@type\":\"ImageObject\",\"inLanguage\":\"de\",\"@id\":\"https:\\\/\\\/ww-systemhaus.de\\\/#\\\/schema\\\/logo\\\/image\\\/\",\"url\":\"https:\\\/\\\/ww-systemhaus.de\\\/wp-content\\\/uploads\\\/2017\\\/12\\\/ww-social.jpg\",\"contentUrl\":\"https:\\\/\\\/ww-systemhaus.de\\\/wp-content\\\/uploads\\\/2017\\\/12\\\/ww-social.jpg\",\"width\":630,\"height\":630,\"caption\":\"W&W Systemhaus\"},\"image\":{\"@id\":\"https:\\\/\\\/ww-systemhaus.de\\\/#\\\/schema\\\/logo\\\/image\\\/\"}}]}<\/script>\n<!-- \/ Yoast SEO plugin. -->","yoast_head_json":{"title":"Fernwartungsservice - W&amp;W Systemhaus","description":"In einigen F\u00e4llen ist es notwendig, dass ein Techniker Ihren PC per Fernwartung \u00fcbernimmt. \u00dcber die Kosten unseres Services informieren wir Sie vorab","robots":{"index":"index","follow":"follow","max-snippet":"max-snippet:-1","max-image-preview":"max-image-preview:large","max-video-preview":"max-video-preview:-1"},"canonical":"https:\/\/ww-systemhaus.de\/?page_id=120","og_locale":"de_DE","og_type":"article","og_title":"Fernwartungsservice - W&amp;W Systemhaus","og_description":"In einigen F\u00e4llen ist es notwendig, dass ein Techniker Ihren PC per Fernwartung \u00fcbernimmt. \u00dcber die Kosten unseres Services informieren wir Sie vorab","og_url":"https:\/\/ww-systemhaus.de\/?page_id=120","og_site_name":"W&amp;W Systemhaus","article_modified_time":"2018-09-08T13:18:37+00:00","og_image":[{"url":"https:\/\/ww-systemhaus.de\/wp-content\/uploads\/2018\/09\/pcvisit-1-e1536412633429.png","type":"","width":"","height":""}],"twitter_card":"summary_large_image","schema":{"@context":"https:\/\/schema.org","@graph":[{"@type":"WebPage","@id":"https:\/\/ww-systemhaus.de\/?page_id=120","url":"https:\/\/ww-systemhaus.de\/?page_id=120","name":"Fernwartungsservice - W&amp;W Systemhaus","isPartOf":{"@id":"https:\/\/ww-systemhaus.de\/#website"},"primaryImageOfPage":{"@id":"https:\/\/ww-systemhaus.de\/?page_id=120#primaryimage"},"image":{"@id":"https:\/\/ww-systemhaus.de\/?page_id=120#primaryimage"},"thumbnailUrl":"https:\/\/ww-systemhaus.de\/wp-content\/uploads\/2018\/09\/pcvisit-1-e1536412633429.png","datePublished":"2012-11-24T08:45:40+00:00","dateModified":"2018-09-08T13:18:37+00:00","description":"In einigen F\u00e4llen ist es notwendig, dass ein Techniker Ihren PC per Fernwartung \u00fcbernimmt. \u00dcber die Kosten unseres Services informieren wir Sie vorab","breadcrumb":{"@id":"https:\/\/ww-systemhaus.de\/?page_id=120#breadcrumb"},"inLanguage":"de","potentialAction":[{"@type":"ReadAction","target":["https:\/\/ww-systemhaus.de\/?page_id=120"]}]},{"@type":"ImageObject","inLanguage":"de","@id":"https:\/\/ww-systemhaus.de\/?page_id=120#primaryimage","url":"https:\/\/ww-systemhaus.de\/wp-content\/uploads\/2018\/09\/pcvisit-1-e1536412633429.png","contentUrl":"https:\/\/ww-systemhaus.de\/wp-content\/uploads\/2018\/09\/pcvisit-1-e1536412633429.png","width":300,"height":300},{"@type":"BreadcrumbList","@id":"https:\/\/ww-systemhaus.de\/?page_id=120#breadcrumb","itemListElement":[{"@type":"ListItem","position":1,"name":"Startseite","item":"https:\/\/ww-systemhaus.de\/"},{"@type":"ListItem","position":2,"name":"Fernwartungsservice"}]},{"@type":"WebSite","@id":"https:\/\/ww-systemhaus.de\/#website","url":"https:\/\/ww-systemhaus.de\/","name":"W&amp;W Systemhaus","description":"Computer \u00b7 Notebooks \u00b7 Zubeh\u00f6r \u00b7 Telefonie \u00b7 Vor-Ort-Service \u00b7 Werkstatt-Service","publisher":{"@id":"https:\/\/ww-systemhaus.de\/#organization"},"potentialAction":[{"@type":"SearchAction","target":{"@type":"EntryPoint","urlTemplate":"https:\/\/ww-systemhaus.de\/?s={search_term_string}"},"query-input":{"@type":"PropertyValueSpecification","valueRequired":true,"valueName":"search_term_string"}}],"inLanguage":"de"},{"@type":"Organization","@id":"https:\/\/ww-systemhaus.de\/#organization","name":"W&W Systemhaus","url":"https:\/\/ww-systemhaus.de\/","logo":{"@type":"ImageObject","inLanguage":"de","@id":"https:\/\/ww-systemhaus.de\/#\/schema\/logo\/image\/","url":"https:\/\/ww-systemhaus.de\/wp-content\/uploads\/2017\/12\/ww-social.jpg","contentUrl":"https:\/\/ww-systemhaus.de\/wp-content\/uploads\/2017\/12\/ww-social.jpg","width":630,"height":630,"caption":"W&W Systemhaus"},"image":{"@id":"https:\/\/ww-systemhaus.de\/#\/schema\/logo\/image\/"}}]}},"_links":{"self":[{"href":"https:\/\/ww-systemhaus.de\/index.php?rest_route=\/wp\/v2\/pages\/120","targetHints":{"allow":["GET"]}}],"collection":[{"href":"https:\/\/ww-systemhaus.de\/index.php?rest_route=\/wp\/v2\/pages"}],"about":[{"href":"https:\/\/ww-systemhaus.de\/index.php?rest_route=\/wp\/v2\/types\/page"}],"author":[{"embeddable":true,"href":"https:\/\/ww-systemhaus.de\/index.php?rest_route=\/wp\/v2\/users\/2"}],"replies":[{"embeddable":true,"href":"https:\/\/ww-systemhaus.de\/index.php?rest_route=%2Fwp%2Fv2%2Fcomments&post=120"}],"version-history":[{"count":15,"href":"https:\/\/ww-systemhaus.de\/index.php?rest_route=\/wp\/v2\/pages\/120\/revisions"}],"predecessor-version":[{"id":735,"href":"https:\/\/ww-systemhaus.de\/index.php?rest_route=\/wp\/v2\/pages\/120\/revisions\/735"}],"wp:attachment":[{"href":"https:\/\/ww-systemhaus.de\/index.php?rest_route=%2Fwp%2Fv2%2Fmedia&parent=120"}],"curies":[{"name":"wp","href":"https:\/\/api.w.org\/{rel}","templated":true}]}}